{"id":26,"date":"2025-10-24T10:50:04","date_gmt":"2025-10-24T10:50:04","guid":{"rendered":"https:\/\/fiilari.fi\/?page_id=26"},"modified":"2025-10-24T16:25:09","modified_gmt":"2025-10-24T16:25:09","slug":"__trashed-4","status":"publish","type":"page","link":"https:\/\/fiilari.fi\/","title":{"rendered":"Fiilari"},"content":{"rendered":"\n<div class=\"wp-block-media-text alignfull is-stacked-on-mobile\"><figure class=\"wp-block-media-text__media\"><img loading=\"lazy\" decoding=\"async\" width=\"683\" height=\"1024\" src=\"https:\/\/fiilari.fi\/wp-content\/uploads\/2025\/10\/Lumii_20250704_145408525-1-683x1024.jpg\" alt=\"\" class=\"wp-image-17 size-full\" srcset=\"https:\/\/fiilari.fi\/wp-content\/uploads\/2025\/10\/Lumii_20250704_145408525-1-683x1024.jpg 683w, https:\/\/fiilari.fi\/wp-content\/uploads\/2025\/10\/Lumii_20250704_145408525-1-200x300.jpg 200w, https:\/\/fiilari.fi\/wp-content\/uploads\/2025\/10\/Lumii_20250704_145408525-1-768x1152.jpg 768w, https:\/\/fiilari.fi\/wp-content\/uploads\/2025\/10\/Lumii_20250704_145408525-1-1024x1536.jpg 1024w, https:\/\/fiilari.fi\/wp-content\/uploads\/2025\/10\/Lumii_20250704_145408525-1-1366x2048.jpg 1366w, https:\/\/fiilari.fi\/wp-content\/uploads\/2025\/10\/Lumii_20250704_145408525-1-scaled.jpg 1707w\" sizes=\"auto, (max-width: 683px) 100vw, 683px\" \/><\/figure><div class=\"wp-block-media-text__content\">\n<h2 class=\"wp-block-heading\">Fiilari &#8211; tapatumatuotannon ja viestinn\u00e4n kumppani, joka tekee vaikutuksen.<\/h2>\n\n\n\n<p>Fiilari on tapahtumatuotannon ja viestinn\u00e4n kumppani, joka tekee asioista sujuvia, selkeit\u00e4 ja vaikuttavia \u2013 fiiliksell\u00e4 ja ammattitaidolla.<\/p>\n\n\n\n<p>Uskon, ett\u00e4 parhaat tapahtumat ja viestint\u00e4teot syntyv\u00e4t, kun suunnittelu, toteutus ja tavoitteet kulkevat k\u00e4si k\u00e4dess\u00e4. Kun tekemisen taustalla on aito halu auttaa asiakasta onnistumaan, lopputulos tuntuu ja n\u00e4kyy.<\/p>\n\n\n\n<p>Fiilarissa yhdistyy pitk\u00e4 k\u00e4yt\u00e4nn\u00f6n kokemus tapahtumien tuotannosta, markkinointiviestinn\u00e4st\u00e4 ja projektinhallinnasta. Toteutan tapahtumat, kampanjat ja viestint\u00e4materiaalit kokonaisuuksina \u2013 ideasta viimeiseen yksityiskohtaan \u2013 asiakkaan br\u00e4ndi\u00e4 ja tavoitteita kunnioittaen.<\/p>\n\n\n\n<p>Minulle t\u00e4rkeint\u00e4 on, ett\u00e4 yhteisty\u00f6 on helppoa ja luotettavaa. Asiakkaani arvostavat sit\u00e4, ett\u00e4 asiat etenev\u00e4t sovitusti, budjetti pysyy hallussa ja tunnelma s\u00e4ilyy hyv\u00e4n\u00e4 silloinkin, kun aikataulu tiivistyy.<\/p>\n\n\n\n<p>Olen porilainen <strong>Kirsti Koskinen<\/strong>, Fiilarin perustaja. Olen ty\u00f6skennellyt pitk\u00e4\u00e4n tapahtumien, markkinoinnin ja viestinn\u00e4n parissa, ja vuosien varrella olen saanut toteuttaa hyvin erilaisia projekteja \u2013 yritysjuhlista ja henkil\u00f6st\u00f6tapahtumista lanseerauksiin ja kampanjoihin. Ty\u00f6ss\u00e4ni minua inspiroi se, ett\u00e4 saan yhdist\u00e4\u00e4 luovuuden ja j\u00e4rjestelm\u00e4llisyyden. Suunnitella, tuottaa ja viesti\u00e4 niin, ett\u00e4 kokonaisuus toimii ja tuntuu oikealta.<\/p>\n\n\n\n<p>Fiilari syntyi halusta tehd\u00e4 asioita omalla tyylill\u00e4: yhdist\u00e4\u00e4 ammattimainen tuotanto ja l\u00e4mmin, ihmisl\u00e4heinen ote. Jokainen projekti on minulle mahdollisuus luoda toimiva kokonaisuus, joka tekee vaikutuksen \u2013 ja j\u00e4tt\u00e4\u00e4 hyv\u00e4n fiiliksen kaikille osapuolille.<\/p>\n\n\n\n<p><strong>Ota yhteytt\u00e4, niin jutellaan, miten voisin auttaa teid\u00e4n seuraavan tapahtuman tai kampanjan onnistumisessa.<\/strong><\/p>\n\n\n\n<p><br>Yhdess\u00e4 tehd\u00e4\u00e4n ideasta totta \u2013 sujuvasti ja hyv\u00e4ll\u00e4 fiiliksell\u00e4.<\/p>\n<\/div><\/div>\n\n\n\n<figure class=\"wp-block-image size-full\"><img loading=\"lazy\" decoding=\"async\" width=\"500\" height=\"500\" src=\"https:\/\/fiilari.fi\/wp-content\/uploads\/2025\/10\/Fiilari_2.png\" alt=\"\" class=\"wp-image-15\" srcset=\"https:\/\/fiilari.fi\/wp-content\/uploads\/2025\/10\/Fiilari_2.png 500w, https:\/\/fiilari.fi\/wp-content\/uploads\/2025\/10\/Fiilari_2-300x300.png 300w, https:\/\/fiilari.fi\/wp-content\/uploads\/2025\/10\/Fiilari_2-150x150.png 150w\" sizes=\"auto, (max-width: 500px) 100vw, 500px\" \/><\/figure>\n\n\n\n<div class=\"wp-block-group alignfull has-background-color has-white-color has-black-background-color has-text-color has-background has-link-color wp-elements-19c26062b985e314a9982db6433c5785 is-vertical is-content-justification-stretch is-layout-flex wp-container-core-group-is-layout-48a3dbfb wp-block-group-is-layout-flex\" style=\"min-height:40vh;margin-top:0;margin-bottom:0;padding-top:var(--wp--preset--spacing--60);padding-right:var(--wp--preset--spacing--40);padding-bottom:var(--wp--preset--spacing--60);padding-left:var(--wp--preset--spacing--40)\">\n<div class=\"wp-block-columns alignwide has-small-font-size is-layout-flex wp-container-core-columns-is-layout-28f84493 wp-block-columns-is-layout-flex\">\n<div class=\"wp-block-column is-layout-flow wp-block-column-is-layout-flow\">\n<p class=\"has-text-align-center\">Viilari Oy \/ Fiilari <\/p>\n\n\n\n<p class=\"has-text-align-center\">y-tunnus 3542105-9<\/p>\n\n\n\n<p><\/p>\n\n\n\n<p><\/p>\n\n\n\n<p><\/p>\n\n\n\n<div style=\"height:24px\" aria-hidden=\"true\" class=\"wp-block-spacer\"><\/div>\n<\/div>\n\n\n\n<div class=\"wp-block-column is-layout-flow wp-block-column-is-layout-flow\">\n<p class=\"has-text-align-center\">Kirsti Koskinen<\/p>\n\n\n\n<p class=\"has-text-align-center\">kirsti@fiilari.fi<\/p>\n\n\n\n<p><\/p>\n\n\n\n<p><\/p>\n\n\n\n<div style=\"height:24px\" aria-hidden=\"true\" class=\"wp-block-spacer\"><\/div>\n<\/div>\n\n\n\n<div class=\"wp-block-column is-layout-flow wp-block-column-is-layout-flow\">\n<p class=\"has-text-align-center\">Seuraa my\u00f6s<\/p>\n\n\n\n<p class=\"has-text-align-center\">Facebook<\/p>\n\n\n\n<p class=\"has-text-align-center\">Instagram<\/p>\n\n\n\n<div style=\"height:24px\" aria-hidden=\"true\" class=\"wp-block-spacer\"><\/div>\n<\/div>\n<\/div>\n\n\n\n<div class=\"wp-block-group alignwide is-content-justification-center is-layout-flex wp-container-core-group-is-layout-c124d1c4 wp-block-group-is-layout-flex\">\n<p class=\"has-text-align-center has-small-font-size\"> Proudly powered by <a rel=\"nofollow\" href=\"https:\/\/wordpress.org\">WordPress<\/a> <\/p>\n<\/div>\n<\/div>\n\n\n\n<p><\/p>\n","protected":false},"excerpt":{"rendered":"<p>Fiilari &#8211; tapatumatuotannon ja viestinn\u00e4n kumppani, joka tekee vaikutuksen. Fiilari on tapahtumatuotannon ja viestinn\u00e4n kumppani, joka tekee asioista sujuvia, selkeit\u00e4 ja vaikuttavia \u2013 fiiliksell\u00e4 ja ammattitaidolla. Uskon, ett\u00e4 parhaat tapahtumat ja viestint\u00e4teot syntyv\u00e4t, kun suunnittelu, toteutus ja tavoitteet kulkevat k\u00e4si k\u00e4dess\u00e4. Kun tekemisen taustalla on aito halu auttaa asiakasta onnistumaan, lopputulos tuntuu ja n\u00e4kyy. Fiilarissa [&hellip;]<\/p>\n","protected":false},"author":1,"featured_media":0,"parent":0,"menu_order":0,"comment_status":"closed","ping_status":"closed","template":"","meta":{"footnotes":""},"class_list":["post-26","page","type-page","status-publish","hentry"],"_links":{"self":[{"href":"https:\/\/fiilari.fi\/index.php\/wp-json\/wp\/v2\/pages\/26","targetHints":{"allow":["GET"]}}],"collection":[{"href":"https:\/\/fiilari.fi\/index.php\/wp-json\/wp\/v2\/pages"}],"about":[{"href":"https:\/\/fiilari.fi\/index.php\/wp-json\/wp\/v2\/types\/page"}],"author":[{"embeddable":true,"href":"https:\/\/fiilari.fi\/index.php\/wp-json\/wp\/v2\/users\/1"}],"replies":[{"embeddable":true,"href":"https:\/\/fiilari.fi\/index.php\/wp-json\/wp\/v2\/comments?post=26"}],"version-history":[{"count":11,"href":"https:\/\/fiilari.fi\/index.php\/wp-json\/wp\/v2\/pages\/26\/revisions"}],"predecessor-version":[{"id":61,"href":"https:\/\/fiilari.fi\/index.php\/wp-json\/wp\/v2\/pages\/26\/revisions\/61"}],"wp:attachment":[{"href":"https:\/\/fiilari.fi\/index.php\/wp-json\/wp\/v2\/media?parent=26"}],"curies":[{"name":"wp","href":"https:\/\/api.w.org\/{rel}","templated":true}]}}